{"id":84,"date":"2021-01-08T12:57:21","date_gmt":"2021-01-08T11:57:21","guid":{"rendered":"https:\/\/carlwilde.org\/CarlCAM\/?page_id=84"},"modified":"2021-03-24T15:30:11","modified_gmt":"2021-03-24T14:30:11","slug":"datenschutzerklaerung","status":"publish","type":"page","link":"https:\/\/carlwilde.org\/shop\/datenschutzerklaerung\/","title":{"rendered":"Datenschutzerkl\u00e4rung"},"content":{"rendered":"\n<h2 class=\"wp-block-heading\">Wer wir sind<\/h2>\n\n\n\n<p>CARLWILDE.ORG ist eine informelle stiftung, die innovative, kreative und gemeinn\u00fctzige projekte unterst\u00fctzt. Die unterst\u00fctzung kann \u00fcber einen formlosen, elektronischen antrag beantragt werden&nbsp;<a href=\"mailto:mail@carlwilde.org\">mail@carlwilde.org<\/a>. Von den bewerbern wird erwartet, dass sie bei wirtschaftlichem erfolg ihres projektes, der in der bewerbung detailliert beschrieben werden sollte, zur unterst\u00fctzung von CARLWILDE.ORG beitragen. Ein rechtsanspruch auf f\u00f6rderung besteht nicht.<\/p>\n\n\n\n<p>Schau doch mal auf unserer webseite vorbei: <a href=\"https:\/\/carlwilde.org\/\">https:\/\/carlwilde.org\/<\/a><\/p>\n\n\n\n<h2 class=\"wp-block-heading\">Welche personenbezogenen daten wir sammeln und warum wir sie sammeln<\/h2>\n\n\n\n<h3 class=\"wp-block-heading\">Kommentare<\/h3>\n\n\n\n<p>Wenn besucher kommentare auf der website schreiben, sammeln wir die daten, die im kommentar-formular angezeigt werden, au\u00dferdem die IP-adresse des besuchers und den user-agent-string (damit wird der browser identifiziert), um die erkennung von spam zu unterst\u00fctzen.<\/p>\n\n\n\n<h3 class=\"wp-block-heading\">Medien<\/h3>\n\n\n\n<p>Wenn du ein registrierter benutzer bist und fotos auf diese website l\u00e4dst, solltest du vermeiden, fotos mit einem EXIF-GPS-standort hochzuladen. Besucher dieserwWebsite k\u00f6nnten fotos, die auf dieser website gespeichert sind, herunterladen und deren standort-informationen extrahieren.<\/p>\n\n\n\n<p><\/p>\n\n\n\n<h3 class=\"wp-block-heading\">Kontaktformulare            <\/h3>\n\n\n\n<p>Die hier erhobenen daten werden nicht an dritte weitergegeben. Ausgenommen sind die daten, die f\u00fcr den beauftragen lieferdienst n\u00f6tig sind.<\/p>\n\n\n\n<h3 class=\"wp-block-heading\">Cookies<\/h3>\n\n\n\n<p>Wenn du einen kommentar auf unserer website schreibst, kann das eine einwilligung sein, deinen namen, E-Mail-adresse und website in cookies zu speichern. Dies ist eine komfortfunktion, damit du nicht, wenn du einen weiteren kommentar schreibst, all diese daten erneut eingeben musst. Diese cookies kannst du bei bedarf in deinem browser l\u00f6schen.<\/p>\n\n\n\n<p>Falls du ein konto hast und dich auf dieser website anmeldest, werden wir ein tempor\u00e4res cookie setzen, um festzustellen, ob dein browser cookies akzeptiert. Dieses cookie enth\u00e4lt keine personenbezogenen daten und wird verworfen, wenn du deinen browser schlie\u00dft.<\/p>\n\n\n\n<p>Wenn du dich anmeldest, werden wir einige cookies einrichten, um deine anmeldeinformationen und anzeigeoptionen zu speichern. Anmelde-cookies verfallen nach zwei tagen und cookies f\u00fcr die anzeigeoptionen nach einem jahr. Falls du bei der anmeldung \u201eAngemeldet bleiben\u201c ausw\u00e4hlst, wird deine anmeldung zwei wochen lang aufrechterhalten. Mit der abmeldung aus deinem konto werden die anmelde-cookies gel\u00f6scht.<\/p>\n\n\n\n<p>Wenn du einen Artikel bearbeitest oder ver\u00f6ffentlichst, wird ein zus\u00e4tzlicher Cookie in deinem Browser gespeichert. Dieser Cookie enth\u00e4lt keine personenbezogenen Daten und verweist nur auf die Beitrags-ID des Artikels, den du gerade bearbeitet hast. Der Cookie verf\u00e4llt nach einem Tag.<\/p>\n\n\n\n<h3 class=\"wp-block-heading\">Eingebettete inhalte von anderen websites<\/h3>\n\n\n\n<p>Beitr\u00e4ge auf dieserwWebsite k\u00f6nnen eingebettete inhalte beinhalten (z.&nbsp;B. videos, bilder, beitr\u00e4ge etc.). Eingebettete inhalte von anderen websites verhalten sich exakt so, als ob der besucher die andere website besucht h\u00e4tte.<\/p>\n\n\n\n<p>Diese websites k\u00f6nnen daten \u00fcber dich sammeln, cookies benutzen, zus\u00e4tzliche tracking-dienste von dritten einbetten und deine interaktion mit diesem eingebetteten inhalt aufzeichnen, inklusive deiner interaktion mit dem eingebetteten inhalt, falls du ein konto hast und auf dieser website angemeldet bist.<\/p>\n\n\n\n<h3 class=\"wp-block-heading\">Analysedienste<\/h3>\n\n\n\n<p><\/p>\n\n\n\n<h2 class=\"wp-block-heading\">Mit wem wir deine Daten teilen<\/h2>\n\n\n\n<p>Die auf dieser Webseite erhobenen Daten werden nicht an dritte weitergegeben. Ausgenommen sind die f\u00fcr den Transport erforderlichen Informationen.<\/p>\n\n\n\n<h2 class=\"wp-block-heading\">Wie lange wir deine Daten speichern<\/h2>\n\n\n\n<p>Daten und Kommentare werden unbegrenzt gespeichert. Sie werden auf Anfrage gel\u00f6scht. <\/p>\n\n\n\n<h2 class=\"wp-block-heading\">Welche Rechte du an deinen Daten hast<\/h2>\n\n\n\n<p>Wenn du ein Konto auf dieser Website besitzt oder Kommentare geschrieben hast, kannst du einen Export deiner personenbezogenen Daten bei uns anfordern, inklusive aller Daten, die du uns mitgeteilt hast. Dar\u00fcber hinaus kannst du die L\u00f6schung aller personenbezogenen Daten, die wir von dir gespeichert haben, anfordern. Dies umfasst nicht die Daten, die wir aufgrund administrativer, rechtlicher oder sicherheitsrelevanter Notwendigkeiten aufbewahren m\u00fcssen.<\/p>\n\n\n\n<p>Hier gespeicherte Daten werden grunds\u00e4tzlich nicht weitergeben. Auf verlangen des Benutzer <\/p>\n\n\n\n<h2 class=\"wp-block-heading\">Wohin wir deine Daten senden<\/h2>\n\n\n\n<p>Besucher-Kommentare k\u00f6nnten von einem automatisierten Dienst zur Spam-Erkennung untersucht werden.<\/p>\n\n\n\n<h2 class=\"wp-block-heading\">Deine Kontakt-Informationen<\/h2>\n\n\n\n<h2 class=\"wp-block-heading\">Weitere Informationen<\/h2>\n\n\n\n<h3 class=\"wp-block-heading\">Wie wir deine Daten sch\u00fctzen<\/h3>\n\n\n\n<h3 class=\"wp-block-heading\">Welche Ma\u00dfnahmen wir bei Datenschutzverletzungen anbieten<\/h3>\n\n\n\n<h3 class=\"wp-block-heading\">Von welchen Drittanbietern wir Daten erhalten<\/h3>\n\n\n\n<h3 class=\"wp-block-heading\">Welche automatisierte Entscheidungsfindung und\/oder Profilerstellung wir mit Benutzerdaten durchf\u00fchren<\/h3>\n\n\n\n<h3 class=\"wp-block-heading\">Vorausgesetzte Offenlegungspflichten der Industrie<\/h3>\n","protected":false},"excerpt":{"rendered":"<p>Wer wir sind CARLWILDE.ORG ist eine informelle stiftung, die innovative, kreative und gemeinn\u00fctzige projekte unterst\u00fctzt. Die unterst\u00fctzung kann \u00fcber einen formlosen, elektronischen antrag beantragt werden&nbsp;mail@carlwilde.org. Von den bewerbern wird erwartet, dass sie bei wirtschaftlichem erfolg ihres projektes, der in der bewerbung detailliert beschrieben werden sollte, zur unterst\u00fctzung von CARLWILDE.ORG beitragen. Ein rechtsanspruch auf f\u00f6rderung besteht [&hellip;]<\/p>\n","protected":false},"author":1,"featured_media":0,"parent":0,"menu_order":0,"comment_status":"closed","ping_status":"closed","template":"","meta":{"footnotes":""},"class_list":["post-84","page","type-page","status-publish","hentry"],"yoast_head":"<!-- This site is optimized with the Yoast SEO plugin v26.2 - https:\/\/yoast.com\/wordpress\/plugins\/seo\/ -->\n<title>Datenschutzerkl\u00e4rung - Carl Wilde Shop<\/title>\n<meta name=\"robots\" content=\"index, follow, max-snippet:-1, max-image-preview:large, max-video-preview:-1\" \/>\n<link rel=\"canonical\" href=\"https:\/\/carlwilde.org\/shop\/datenschutzerklaerung\/\" \/>\n<meta property=\"og:locale\" content=\"de_DE\" \/>\n<meta property=\"og:type\" content=\"article\" \/>\n<meta property=\"og:title\" content=\"Datenschutzerkl\u00e4rung - Carl Wilde Shop\" \/>\n<meta property=\"og:description\" content=\"Wer wir sind CARLWILDE.ORG ist eine informelle stiftung, die innovative, kreative und gemeinn\u00fctzige projekte unterst\u00fctzt. Die unterst\u00fctzung kann \u00fcber einen formlosen, elektronischen antrag beantragt werden&nbsp;mail@carlwilde.org. Von den bewerbern wird erwartet, dass sie bei wirtschaftlichem erfolg ihres projektes, der in der bewerbung detailliert beschrieben werden sollte, zur unterst\u00fctzung von CARLWILDE.ORG beitragen. Ein rechtsanspruch auf f\u00f6rderung besteht [&hellip;]\" \/>\n<meta property=\"og:url\" content=\"https:\/\/carlwilde.org\/shop\/datenschutzerklaerung\/\" \/>\n<meta property=\"og:site_name\" content=\"Carl Wilde Shop\" \/>\n<meta property=\"article:modified_time\" content=\"2021-03-24T14:30:11+00:00\" \/>\n<meta name=\"twitter:card\" content=\"summary_large_image\" \/>\n<meta name=\"twitter:label1\" content=\"Gesch\u00e4tzte Lesezeit\" \/>\n\t<meta name=\"twitter:data1\" content=\"3\u00a0Minuten\" \/>\n<script type=\"application\/ld+json\" class=\"yoast-schema-graph\">{\"@context\":\"https:\/\/schema.org\",\"@graph\":[{\"@type\":\"WebPage\",\"@id\":\"https:\/\/carlwilde.org\/shop\/datenschutzerklaerung\/\",\"url\":\"https:\/\/carlwilde.org\/shop\/datenschutzerklaerung\/\",\"name\":\"Datenschutzerkl\u00e4rung - Carl Wilde Shop\",\"isPartOf\":{\"@id\":\"https:\/\/carlwilde.org\/shop\/#website\"},\"datePublished\":\"2021-01-08T11:57:21+00:00\",\"dateModified\":\"2021-03-24T14:30:11+00:00\",\"breadcrumb\":{\"@id\":\"https:\/\/carlwilde.org\/shop\/datenschutzerklaerung\/#breadcrumb\"},\"inLanguage\":\"de\",\"potentialAction\":[{\"@type\":\"ReadAction\",\"target\":[\"https:\/\/carlwilde.org\/shop\/datenschutzerklaerung\/\"]}]},{\"@type\":\"BreadcrumbList\",\"@id\":\"https:\/\/carlwilde.org\/shop\/datenschutzerklaerung\/#breadcrumb\",\"itemListElement\":[{\"@type\":\"ListItem\",\"position\":1,\"name\":\"Startseite\",\"item\":\"https:\/\/carlwilde.org\/shop\/\"},{\"@type\":\"ListItem\",\"position\":2,\"name\":\"Datenschutzerkl\u00e4rung\"}]},{\"@type\":\"WebSite\",\"@id\":\"https:\/\/carlwilde.org\/shop\/#website\",\"url\":\"https:\/\/carlwilde.org\/shop\/\",\"name\":\"Carl Wilde Shop\",\"description\":\"\",\"publisher\":{\"@id\":\"https:\/\/carlwilde.org\/shop\/#organization\"},\"potentialAction\":[{\"@type\":\"SearchAction\",\"target\":{\"@type\":\"EntryPoint\",\"urlTemplate\":\"https:\/\/carlwilde.org\/shop\/?s={search_term_string}\"},\"query-input\":{\"@type\":\"PropertyValueSpecification\",\"valueRequired\":true,\"valueName\":\"search_term_string\"}}],\"inLanguage\":\"de\"},{\"@type\":\"Organization\",\"@id\":\"https:\/\/carlwilde.org\/shop\/#organization\",\"name\":\"CarlCAM!\",\"url\":\"https:\/\/carlwilde.org\/shop\/\",\"logo\":{\"@type\":\"ImageObject\",\"inLanguage\":\"de\",\"@id\":\"https:\/\/carlwilde.org\/shop\/#\/schema\/logo\/image\/\",\"url\":\"https:\/\/carlwilde.org\/shop\/wp-content\/uploads\/2020\/12\/FOTO-CarlCAM-karton-scaled.jpg\",\"contentUrl\":\"https:\/\/carlwilde.org\/shop\/wp-content\/uploads\/2020\/12\/FOTO-CarlCAM-karton-scaled.jpg\",\"width\":1920,\"height\":2560,\"caption\":\"CarlCAM!\"},\"image\":{\"@id\":\"https:\/\/carlwilde.org\/shop\/#\/schema\/logo\/image\/\"}}]}<\/script>\n<!-- \/ Yoast SEO plugin. -->","yoast_head_json":{"title":"Datenschutzerkl\u00e4rung - Carl Wilde Shop","robots":{"index":"index","follow":"follow","max-snippet":"max-snippet:-1","max-image-preview":"max-image-preview:large","max-video-preview":"max-video-preview:-1"},"canonical":"https:\/\/carlwilde.org\/shop\/datenschutzerklaerung\/","og_locale":"de_DE","og_type":"article","og_title":"Datenschutzerkl\u00e4rung - Carl Wilde Shop","og_description":"Wer wir sind CARLWILDE.ORG ist eine informelle stiftung, die innovative, kreative und gemeinn\u00fctzige projekte unterst\u00fctzt. Die unterst\u00fctzung kann \u00fcber einen formlosen, elektronischen antrag beantragt werden&nbsp;mail@carlwilde.org. Von den bewerbern wird erwartet, dass sie bei wirtschaftlichem erfolg ihres projektes, der in der bewerbung detailliert beschrieben werden sollte, zur unterst\u00fctzung von CARLWILDE.ORG beitragen. Ein rechtsanspruch auf f\u00f6rderung besteht [&hellip;]","og_url":"https:\/\/carlwilde.org\/shop\/datenschutzerklaerung\/","og_site_name":"Carl Wilde Shop","article_modified_time":"2021-03-24T14:30:11+00:00","twitter_card":"summary_large_image","twitter_misc":{"Gesch\u00e4tzte Lesezeit":"3\u00a0Minuten"},"schema":{"@context":"https:\/\/schema.org","@graph":[{"@type":"WebPage","@id":"https:\/\/carlwilde.org\/shop\/datenschutzerklaerung\/","url":"https:\/\/carlwilde.org\/shop\/datenschutzerklaerung\/","name":"Datenschutzerkl\u00e4rung - Carl Wilde Shop","isPartOf":{"@id":"https:\/\/carlwilde.org\/shop\/#website"},"datePublished":"2021-01-08T11:57:21+00:00","dateModified":"2021-03-24T14:30:11+00:00","breadcrumb":{"@id":"https:\/\/carlwilde.org\/shop\/datenschutzerklaerung\/#breadcrumb"},"inLanguage":"de","potentialAction":[{"@type":"ReadAction","target":["https:\/\/carlwilde.org\/shop\/datenschutzerklaerung\/"]}]},{"@type":"BreadcrumbList","@id":"https:\/\/carlwilde.org\/shop\/datenschutzerklaerung\/#breadcrumb","itemListElement":[{"@type":"ListItem","position":1,"name":"Startseite","item":"https:\/\/carlwilde.org\/shop\/"},{"@type":"ListItem","position":2,"name":"Datenschutzerkl\u00e4rung"}]},{"@type":"WebSite","@id":"https:\/\/carlwilde.org\/shop\/#website","url":"https:\/\/carlwilde.org\/shop\/","name":"Carl Wilde Shop","description":"","publisher":{"@id":"https:\/\/carlwilde.org\/shop\/#organization"},"potentialAction":[{"@type":"SearchAction","target":{"@type":"EntryPoint","urlTemplate":"https:\/\/carlwilde.org\/shop\/?s={search_term_string}"},"query-input":{"@type":"PropertyValueSpecification","valueRequired":true,"valueName":"search_term_string"}}],"inLanguage":"de"},{"@type":"Organization","@id":"https:\/\/carlwilde.org\/shop\/#organization","name":"CarlCAM!","url":"https:\/\/carlwilde.org\/shop\/","logo":{"@type":"ImageObject","inLanguage":"de","@id":"https:\/\/carlwilde.org\/shop\/#\/schema\/logo\/image\/","url":"https:\/\/carlwilde.org\/shop\/wp-content\/uploads\/2020\/12\/FOTO-CarlCAM-karton-scaled.jpg","contentUrl":"https:\/\/carlwilde.org\/shop\/wp-content\/uploads\/2020\/12\/FOTO-CarlCAM-karton-scaled.jpg","width":1920,"height":2560,"caption":"CarlCAM!"},"image":{"@id":"https:\/\/carlwilde.org\/shop\/#\/schema\/logo\/image\/"}}]}},"_links":{"self":[{"href":"https:\/\/carlwilde.org\/shop\/wp-json\/wp\/v2\/pages\/84","targetHints":{"allow":["GET"]}}],"collection":[{"href":"https:\/\/carlwilde.org\/shop\/wp-json\/wp\/v2\/pages"}],"about":[{"href":"https:\/\/carlwilde.org\/shop\/wp-json\/wp\/v2\/types\/page"}],"author":[{"embeddable":true,"href":"https:\/\/carlwilde.org\/shop\/wp-json\/wp\/v2\/users\/1"}],"replies":[{"embeddable":true,"href":"https:\/\/carlwilde.org\/shop\/wp-json\/wp\/v2\/comments?post=84"}],"version-history":[{"count":9,"href":"https:\/\/carlwilde.org\/shop\/wp-json\/wp\/v2\/pages\/84\/revisions"}],"predecessor-version":[{"id":312,"href":"https:\/\/carlwilde.org\/shop\/wp-json\/wp\/v2\/pages\/84\/revisions\/312"}],"wp:attachment":[{"href":"https:\/\/carlwilde.org\/shop\/wp-json\/wp\/v2\/media?parent=84"}],"curies":[{"name":"wp","href":"https:\/\/api.w.org\/{rel}","templated":true}]}}