{"id":326,"date":"2022-03-19T19:56:08","date_gmt":"2022-03-19T18:56:08","guid":{"rendered":"https:\/\/carlwilde.org\/shop\/?post_type=product&#038;p=326"},"modified":"2025-11-02T23:13:39","modified_gmt":"2025-11-02T22:13:39","slug":"carlcam-2-0","status":"publish","type":"product","link":"https:\/\/carlwilde.org\/shop\/shop\/carlcam-2-0\/","title":{"rendered":"CarlCAM! 2.0: professionelle Bildschirmpr\u00e4senz"},"content":{"rendered":"<p>Wie ihr Vorg\u00e4nger kann die CarlCAM2.0 durch ihre Miniaturisierung <strong>zwischen Benutzer und Bildschirm<\/strong> positioniert werden.<br \/>\n\u2028Hierdurch entsteht bei Vortr\u00e4gen und bei Videotelefonie \u00fcbers Internet bei den Zuschauern der Eindruck, direkt angesehen zu werden. Dieser \u201e<strong>Augenkontakt<\/strong>\u201c verst\u00e4rkt Ihre <strong>Bildschirmpr\u00e4senz<\/strong> und die Zuschauerbindung, selbst wenn ein Vortrag nur vom Bildschirm abgelesen wird.<br \/>\n\u2028Die CarlCAM2.0 erm\u00f6glicht den Sprung in die n\u00e4chste Dimension der Internetkommunikation: <strong>Videotelefonie mit Blickkontakt<\/strong>. Hierzu muss die CarlCAM auf beiden Seiten so eingestellt werden, dass sich beide Benutzer genau in der Mitte des Bildschirms sehen. Der Schwanenhals erleichtert das Ausrichten der CarlCAM2.0. Haben beide Seiten den Bogen raus, gelingt der Blickkontakt innerhalb von Sekunden. <\/p>\n<p>Die gr\u00f6\u00dfere N\u00e4he des Mikrofons zum Sprecher verbessert die <strong>Audioqualit\u00e4t<\/strong>. <\/p>\n<p>Der Anschluss erfolgt via <strong>Plug and Play<\/strong>, in Programmen wie Skype muss unter \u201eAudio- und Videoeinstellungen\u201c noch die CarlCAM als Quelle aktiviert werden. Die <strong>Bildqualit\u00e4t<\/strong> der CarlCAM 2.0 hat sich im Vergleich zu ihrem Vorg\u00e4nger CarlCAM weiter verbessert.\u2028<br \/>\nDurch die CarlCAM r\u00fcckt das Gegen\u00fcber an den gleichen Tisch: <strong>Internetgespr\u00e4che werden zu wirklichen Begegnungen<\/strong>.<br \/>\n\u2028Man muss es erlebt haben, um den Effekt wirklich zu erfassen.<br \/>\n\u2028Die CarlCAM unterliegt einem st\u00e4ndigen Optimierungsprozess, sodass die gelieferten Kameras gering von den Abbildungen abweichen k\u00f6nnen.<\/p>\n<p>Weitere Informationen \u00fcber die Carl Wilde Foundation: <a href=\"https:\/\/carlwilde.org\/de\/index_de.html\" rel=\"noopener\" target=\"_blank\">carlwilde.org<\/a><\/p>\n<p><strong>Kostenloser Versand und R\u00fcckversand.<\/strong><\/p>\n","protected":false},"excerpt":{"rendered":"<p><strong>CARLWILDE CarlCAM \u2013 BLICKKONTAKT per Webcam! 2 HD-Webcams (Doppelpack) mit Mikrofon f\u00fcr Vortr\u00e4ge, Konferenzen und Videotelefonie<\/strong><\/p>\n<ul>\n<li><span class=\"a-list-item\">ANTWORT AUF DIE CORONA-KRISE: Die neue Dimension der Internet-Telefonie!<\/span><\/li>\n<li><span class=\"a-list-item\">F\u00fcr LEHRER, COACHES, THERAPEUTEN, DOZENTEN, FREUNDE und FAMILIE!<\/span><\/li>\n<li><span class=\"a-list-item\">BLICKKONTAKT!<\/span><\/li>\n<li><span class=\"a-list-item\">VERBESSERTE AUDIOQUALIT\u00c4T!<\/span><\/li>\n<li><span class=\"a-list-item\">OPTIMALE ONLINE-PR\u00c4SENZ!<\/span><\/li>\n<li>Kostenloser Versand und R\u00fcckversand. <\/li>\n<\/ul>\n","protected":false},"featured_media":337,"template":"","meta":[],"product_brand":[],"product_cat":[16],"product_tag":[],"class_list":{"0":"post-326","1":"product","2":"type-product","3":"status-publish","4":"has-post-thumbnail","6":"product_cat-webcam","8":"first","9":"instock","10":"featured","11":"taxable","12":"shipping-taxable","13":"purchasable","14":"product-type-simple"},"yoast_head":"<!-- This site is optimized with the Yoast SEO plugin v26.2 - https:\/\/yoast.com\/wordpress\/plugins\/seo\/ -->\n<title>CarlCAM! 2.0: professionelle Bildschirmpr\u00e4senz - Carl Wilde Shop<\/title>\n<meta name=\"robots\" content=\"index, follow, max-snippet:-1, max-image-preview:large, max-video-preview:-1\" \/>\n<link rel=\"canonical\" href=\"https:\/\/darkgoldenrod-quail-514302.hostingersite.com\/shop\/shop\/carlcam-2-0\/\" \/>\n<meta property=\"og:locale\" content=\"de_DE\" \/>\n<meta property=\"og:type\" content=\"article\" \/>\n<meta property=\"og:title\" content=\"CarlCAM! 2.0: professionelle Bildschirmpr\u00e4senz - Carl Wilde Shop\" \/>\n<meta property=\"og:description\" content=\"CARLWILDE CarlCAM \u2013 BLICKKONTAKT per Webcam! 2 HD-Webcams (Doppelpack) mit Mikrofon f\u00fcr Vortr\u00e4ge, Konferenzen und Videotelefonie    ANTWORT AUF DIE CORONA-KRISE: Die neue Dimension der Internet-Telefonie!  F\u00fcr LEHRER, COACHES, THERAPEUTEN, DOZENTEN, FREUNDE und FAMILIE!  BLICKKONTAKT!  VERBESSERTE AUDIOQUALIT\u00c4T!  OPTIMALE ONLINE-PR\u00c4SENZ! Kostenloser Versand und R\u00fcckversand.\" \/>\n<meta property=\"og:url\" content=\"https:\/\/darkgoldenrod-quail-514302.hostingersite.com\/shop\/shop\/carlcam-2-0\/\" \/>\n<meta property=\"og:site_name\" content=\"Carl Wilde Shop\" \/>\n<meta property=\"article:modified_time\" content=\"2025-11-02T22:13:39+00:00\" \/>\n<meta property=\"og:image\" content=\"https:\/\/darkgoldenrod-quail-514302.hostingersite.com\/shop\/wp-content\/uploads\/2022\/03\/carlcam_0.jpg\" \/>\n\t<meta property=\"og:image:width\" content=\"1280\" \/>\n\t<meta property=\"og:image:height\" content=\"960\" \/>\n\t<meta property=\"og:image:type\" content=\"image\/jpeg\" \/>\n<meta name=\"twitter:card\" content=\"summary_large_image\" \/>\n<meta name=\"twitter:label1\" content=\"Gesch\u00e4tzte Lesezeit\" \/>\n\t<meta name=\"twitter:data1\" content=\"1\u00a0Minute\" \/>\n<script type=\"application\/ld+json\" class=\"yoast-schema-graph\">{\"@context\":\"https:\/\/schema.org\",\"@graph\":[{\"@type\":\"WebPage\",\"@id\":\"https:\/\/darkgoldenrod-quail-514302.hostingersite.com\/shop\/shop\/carlcam-2-0\/\",\"url\":\"https:\/\/darkgoldenrod-quail-514302.hostingersite.com\/shop\/shop\/carlcam-2-0\/\",\"name\":\"CarlCAM! 2.0: professionelle Bildschirmpr\u00e4senz - Carl Wilde Shop\",\"isPartOf\":{\"@id\":\"https:\/\/carlwilde.org\/shop\/#website\"},\"primaryImageOfPage\":{\"@id\":\"https:\/\/darkgoldenrod-quail-514302.hostingersite.com\/shop\/shop\/carlcam-2-0\/#primaryimage\"},\"image\":{\"@id\":\"https:\/\/darkgoldenrod-quail-514302.hostingersite.com\/shop\/shop\/carlcam-2-0\/#primaryimage\"},\"thumbnailUrl\":\"https:\/\/carlwilde.org\/shop\/wp-content\/uploads\/2022\/03\/carlcam_0.jpg\",\"datePublished\":\"2022-03-19T18:56:08+00:00\",\"dateModified\":\"2025-11-02T22:13:39+00:00\",\"breadcrumb\":{\"@id\":\"https:\/\/darkgoldenrod-quail-514302.hostingersite.com\/shop\/shop\/carlcam-2-0\/#breadcrumb\"},\"inLanguage\":\"de\",\"potentialAction\":[{\"@type\":\"ReadAction\",\"target\":[\"https:\/\/darkgoldenrod-quail-514302.hostingersite.com\/shop\/shop\/carlcam-2-0\/\"]}]},{\"@type\":\"ImageObject\",\"inLanguage\":\"de\",\"@id\":\"https:\/\/darkgoldenrod-quail-514302.hostingersite.com\/shop\/shop\/carlcam-2-0\/#primaryimage\",\"url\":\"https:\/\/carlwilde.org\/shop\/wp-content\/uploads\/2022\/03\/carlcam_0.jpg\",\"contentUrl\":\"https:\/\/carlwilde.org\/shop\/wp-content\/uploads\/2022\/03\/carlcam_0.jpg\",\"width\":1280,\"height\":960},{\"@type\":\"BreadcrumbList\",\"@id\":\"https:\/\/darkgoldenrod-quail-514302.hostingersite.com\/shop\/shop\/carlcam-2-0\/#breadcrumb\",\"itemListElement\":[{\"@type\":\"ListItem\",\"position\":1,\"name\":\"Startseite\",\"item\":\"https:\/\/carlwilde.org\/shop\/\"},{\"@type\":\"ListItem\",\"position\":2,\"name\":\"Carl Wilde Online\",\"item\":\"https:\/\/carlwilde.org\/shop\/\"},{\"@type\":\"ListItem\",\"position\":3,\"name\":\"CarlCAM! 2.0: professionelle Bildschirmpr\u00e4senz\"}]},{\"@type\":\"WebSite\",\"@id\":\"https:\/\/carlwilde.org\/shop\/#website\",\"url\":\"https:\/\/carlwilde.org\/shop\/\",\"name\":\"Carl Wilde Shop\",\"description\":\"\",\"publisher\":{\"@id\":\"https:\/\/carlwilde.org\/shop\/#organization\"},\"potentialAction\":[{\"@type\":\"SearchAction\",\"target\":{\"@type\":\"EntryPoint\",\"urlTemplate\":\"https:\/\/carlwilde.org\/shop\/?s={search_term_string}\"},\"query-input\":{\"@type\":\"PropertyValueSpecification\",\"valueRequired\":true,\"valueName\":\"search_term_string\"}}],\"inLanguage\":\"de\"},{\"@type\":\"Organization\",\"@id\":\"https:\/\/carlwilde.org\/shop\/#organization\",\"name\":\"CarlCAM!\",\"url\":\"https:\/\/carlwilde.org\/shop\/\",\"logo\":{\"@type\":\"ImageObject\",\"inLanguage\":\"de\",\"@id\":\"https:\/\/carlwilde.org\/shop\/#\/schema\/logo\/image\/\",\"url\":\"https:\/\/carlwilde.org\/shop\/wp-content\/uploads\/2020\/12\/FOTO-CarlCAM-karton-scaled.jpg\",\"contentUrl\":\"https:\/\/carlwilde.org\/shop\/wp-content\/uploads\/2020\/12\/FOTO-CarlCAM-karton-scaled.jpg\",\"width\":1920,\"height\":2560,\"caption\":\"CarlCAM!\"},\"image\":{\"@id\":\"https:\/\/carlwilde.org\/shop\/#\/schema\/logo\/image\/\"}}]}<\/script>\n<!-- \/ Yoast SEO plugin. -->","yoast_head_json":{"title":"CarlCAM! 2.0: professionelle Bildschirmpr\u00e4senz - Carl Wilde Shop","robots":{"index":"index","follow":"follow","max-snippet":"max-snippet:-1","max-image-preview":"max-image-preview:large","max-video-preview":"max-video-preview:-1"},"canonical":"https:\/\/darkgoldenrod-quail-514302.hostingersite.com\/shop\/shop\/carlcam-2-0\/","og_locale":"de_DE","og_type":"article","og_title":"CarlCAM! 2.0: professionelle Bildschirmpr\u00e4senz - Carl Wilde Shop","og_description":"CARLWILDE CarlCAM \u2013 BLICKKONTAKT per Webcam! 2 HD-Webcams (Doppelpack) mit Mikrofon f\u00fcr Vortr\u00e4ge, Konferenzen und Videotelefonie    ANTWORT AUF DIE CORONA-KRISE: Die neue Dimension der Internet-Telefonie!  F\u00fcr LEHRER, COACHES, THERAPEUTEN, DOZENTEN, FREUNDE und FAMILIE!  BLICKKONTAKT!  VERBESSERTE AUDIOQUALIT\u00c4T!  OPTIMALE ONLINE-PR\u00c4SENZ! Kostenloser Versand und R\u00fcckversand.","og_url":"https:\/\/darkgoldenrod-quail-514302.hostingersite.com\/shop\/shop\/carlcam-2-0\/","og_site_name":"Carl Wilde Shop","article_modified_time":"2025-11-02T22:13:39+00:00","og_image":[{"width":1280,"height":960,"url":"https:\/\/darkgoldenrod-quail-514302.hostingersite.com\/shop\/wp-content\/uploads\/2022\/03\/carlcam_0.jpg","type":"image\/jpeg"}],"twitter_card":"summary_large_image","twitter_misc":{"Gesch\u00e4tzte Lesezeit":"1\u00a0Minute"},"schema":{"@context":"https:\/\/schema.org","@graph":[{"@type":"WebPage","@id":"https:\/\/darkgoldenrod-quail-514302.hostingersite.com\/shop\/shop\/carlcam-2-0\/","url":"https:\/\/darkgoldenrod-quail-514302.hostingersite.com\/shop\/shop\/carlcam-2-0\/","name":"CarlCAM! 2.0: professionelle Bildschirmpr\u00e4senz - Carl Wilde Shop","isPartOf":{"@id":"https:\/\/carlwilde.org\/shop\/#website"},"primaryImageOfPage":{"@id":"https:\/\/darkgoldenrod-quail-514302.hostingersite.com\/shop\/shop\/carlcam-2-0\/#primaryimage"},"image":{"@id":"https:\/\/darkgoldenrod-quail-514302.hostingersite.com\/shop\/shop\/carlcam-2-0\/#primaryimage"},"thumbnailUrl":"https:\/\/carlwilde.org\/shop\/wp-content\/uploads\/2022\/03\/carlcam_0.jpg","datePublished":"2022-03-19T18:56:08+00:00","dateModified":"2025-11-02T22:13:39+00:00","breadcrumb":{"@id":"https:\/\/darkgoldenrod-quail-514302.hostingersite.com\/shop\/shop\/carlcam-2-0\/#breadcrumb"},"inLanguage":"de","potentialAction":[{"@type":"ReadAction","target":["https:\/\/darkgoldenrod-quail-514302.hostingersite.com\/shop\/shop\/carlcam-2-0\/"]}]},{"@type":"ImageObject","inLanguage":"de","@id":"https:\/\/darkgoldenrod-quail-514302.hostingersite.com\/shop\/shop\/carlcam-2-0\/#primaryimage","url":"https:\/\/carlwilde.org\/shop\/wp-content\/uploads\/2022\/03\/carlcam_0.jpg","contentUrl":"https:\/\/carlwilde.org\/shop\/wp-content\/uploads\/2022\/03\/carlcam_0.jpg","width":1280,"height":960},{"@type":"BreadcrumbList","@id":"https:\/\/darkgoldenrod-quail-514302.hostingersite.com\/shop\/shop\/carlcam-2-0\/#breadcrumb","itemListElement":[{"@type":"ListItem","position":1,"name":"Startseite","item":"https:\/\/carlwilde.org\/shop\/"},{"@type":"ListItem","position":2,"name":"Carl Wilde Online","item":"https:\/\/carlwilde.org\/shop\/"},{"@type":"ListItem","position":3,"name":"CarlCAM! 2.0: professionelle Bildschirmpr\u00e4senz"}]},{"@type":"WebSite","@id":"https:\/\/carlwilde.org\/shop\/#website","url":"https:\/\/carlwilde.org\/shop\/","name":"Carl Wilde Shop","description":"","publisher":{"@id":"https:\/\/carlwilde.org\/shop\/#organization"},"potentialAction":[{"@type":"SearchAction","target":{"@type":"EntryPoint","urlTemplate":"https:\/\/carlwilde.org\/shop\/?s={search_term_string}"},"query-input":{"@type":"PropertyValueSpecification","valueRequired":true,"valueName":"search_term_string"}}],"inLanguage":"de"},{"@type":"Organization","@id":"https:\/\/carlwilde.org\/shop\/#organization","name":"CarlCAM!","url":"https:\/\/carlwilde.org\/shop\/","logo":{"@type":"ImageObject","inLanguage":"de","@id":"https:\/\/carlwilde.org\/shop\/#\/schema\/logo\/image\/","url":"https:\/\/carlwilde.org\/shop\/wp-content\/uploads\/2020\/12\/FOTO-CarlCAM-karton-scaled.jpg","contentUrl":"https:\/\/carlwilde.org\/shop\/wp-content\/uploads\/2020\/12\/FOTO-CarlCAM-karton-scaled.jpg","width":1920,"height":2560,"caption":"CarlCAM!"},"image":{"@id":"https:\/\/carlwilde.org\/shop\/#\/schema\/logo\/image\/"}}]}},"_links":{"self":[{"href":"https:\/\/carlwilde.org\/shop\/wp-json\/wp\/v2\/product\/326","targetHints":{"allow":["GET"]}}],"collection":[{"href":"https:\/\/carlwilde.org\/shop\/wp-json\/wp\/v2\/product"}],"about":[{"href":"https:\/\/carlwilde.org\/shop\/wp-json\/wp\/v2\/types\/product"}],"wp:featuredmedia":[{"embeddable":true,"href":"https:\/\/carlwilde.org\/shop\/wp-json\/wp\/v2\/media\/337"}],"wp:attachment":[{"href":"https:\/\/carlwilde.org\/shop\/wp-json\/wp\/v2\/media?parent=326"}],"wp:term":[{"taxonomy":"product_brand","embeddable":true,"href":"https:\/\/carlwilde.org\/shop\/wp-json\/wp\/v2\/product_brand?post=326"},{"taxonomy":"product_cat","embeddable":true,"href":"https:\/\/carlwilde.org\/shop\/wp-json\/wp\/v2\/product_cat?post=326"},{"taxonomy":"product_tag","embeddable":true,"href":"https:\/\/carlwilde.org\/shop\/wp-json\/wp\/v2\/product_tag?post=326"}],"curies":[{"name":"wp","href":"https:\/\/api.w.org\/{rel}","templated":true}]}}